{"id":45445,"date":"2024-11-27T17:06:02","date_gmt":"2024-11-27T21:06:02","guid":{"rendered":"https:\/\/procomstaging.kinsta.cloud\/?page_id=45445"},"modified":"2024-11-28T16:20:03","modified_gmt":"2024-11-28T20:20:03","slug":"sustainability-policy","status":"publish","type":"page","link":"https:\/\/procomstaging.kinsta.cloud\/fr-ca\/sustainability-policy\/","title":{"rendered":"Sustainability Policy"},"content":{"rendered":"<div data-elementor-type=\"wp-page\" data-elementor-id=\"45445\" class=\"elementor elementor-45445\" data-elementor-post-type=\"page\">\n\t\t\t\t\t\t<section data-exad-particle-enable=\"false\" class=\"elementor-section elementor-top-section elementor-element elementor-element-44e3dc2 elementor-section-boxed elementor-section-height-default elementor-section-height-default exad-parallax-effect-no exad-background-color-change-no exad-glass-effect-no exad-sticky-section-no\" data-id=\"44e3dc2\" data-element_type=\"section\" data-settings=\"{&quot;background_background&quot;:&quot;classic&quot;}\" data-no-translation=\"\">\n\t\t\t\t\t\t<div class=\"elementor-container elementor-column-gap-default\">\n\t\t\t\t\t<div class=\"elementor-column elementor-col-100 elementor-top-column elementor-element elementor-element-dc70c45 exad-glass-effect-no exad-sticky-section-no\" data-id=\"dc70c45\" data-element_type=\"column\">\n\t\t\t<div class=\"elementor-widget-wrap elementor-element-populated\">\n\t\t\t\t\t\t<div class=\"elementor-element elementor-element-c12048b exad-sticky-section-no exad-glass-effect-no elementor-widget elementor-widget-heading\" data-id=\"c12048b\" data-element_type=\"widget\" data-widget_type=\"heading.default\">\n\t\t\t\t<div class=\"elementor-widget-container\">\n\t\t\t\t\t<h1 class=\"elementor-heading-title elementor-size-default\">DURABILIT\u00c9<\/h1>\t\t\t\t<\/div>\n\t\t\t\t<\/div>\n\t\t\t\t<div class=\"elementor-element elementor-element-f28941d exad-sticky-section-no exad-glass-effect-no elementor-widget elementor-widget-text-editor\" data-id=\"f28941d\" data-element_type=\"widget\" data-widget_type=\"text-editor.default\">\n\t\t\t\t<div class=\"elementor-widget-container\">\n\t\t\t\t\t\t\t\t\tProcom entend assurer un avenir durable dans lequel les personnes et la plan\u00e8te prosp\u00e8rent.\t\t\t\t\t\t\t\t<\/div>\n\t\t\t\t<\/div>\n\t\t\t\t\t<\/div>\n\t\t<\/div>\n\t\t\t\t\t<\/div>\n\t\t<\/section>\n\t\t\t\t<section data-exad-particle-enable=\"false\" class=\"elementor-section elementor-top-section elementor-element elementor-element-c62bca9 elementor-section-boxed elementor-section-height-default elementor-section-height-default exad-parallax-effect-no exad-background-color-change-no exad-glass-effect-no exad-sticky-section-no\" data-id=\"c62bca9\" data-element_type=\"section\" data-no-translation=\"\">\n\t\t\t\t\t\t<div class=\"elementor-container elementor-column-gap-default\">\n\t\t\t\t\t<div class=\"elementor-column elementor-col-50 elementor-top-column elementor-element elementor-element-285abf2 exad-glass-effect-no exad-sticky-section-no\" data-id=\"285abf2\" data-element_type=\"column\">\n\t\t\t<div class=\"elementor-widget-wrap elementor-element-populated\">\n\t\t\t\t\t\t<div class=\"elementor-element elementor-element-fde0902 exad-sticky-section-no exad-glass-effect-no elementor-widget elementor-widget-text-editor\" data-id=\"fde0902\" data-element_type=\"widget\" data-widget_type=\"text-editor.default\">\n\t\t\t\t<div class=\"elementor-widget-container\">\n\t\t\t\t\t\t\t\t\t<p><span style=\"font-weight: 400;\">Dans sa cha\u00eene d\u2019approvisionnement et dans le secteur de dotation en personnel, Procom entend faire sa part comme entreprise citoyenne responsable, en adoptant un \u00e9tat d\u2019esprit et des pratiques exemplaires de durabilit\u00e9 pour ses partenaires, comme expression fondamentale de son engagement envers les <\/span><span style=\"text-decoration: underline; color: #008bcc;\"><a style=\"color: #008bcc;\" href=\"https:\/\/procomstaging.kinsta.cloud\/fr-ca\/about-us\/values\/\"><span style=\"font-weight: 400;\">valeurs du CREDO<\/span><\/a><\/span><span style=\"font-weight: 400;\">.<\/span><\/p><p><span style=\"font-weight: 400;\">Procom prend des mesures pour contribuer aux <\/span><i><span style=\"font-weight: 400;\">objectifs de d\u00e9veloppement durable des Nations Unies,<\/span><\/i> <span style=\"font-weight: 400;\">qui visent \u00e0 promouvoir la prosp\u00e9rit\u00e9 tout en prot\u00e9geant la plan\u00e8te.<\/span><\/p><p><span style=\"font-weight: 400;\">Procom est fi\u00e8re d\u2019adh\u00e9rer au D\u00e9fi carboneutre du gouvernement du Canada, qui encourage les entreprises \u00e0 \u00e9laborer des plans cr\u00e9dibles et efficaces de transition vers des \u00e9missions carboneutres d\u2019ici\u00a02050, et \u00e0 les mettre en \u0153uvre.\u00a0<\/span><\/p><p><span style=\"font-weight: 400;\">Sous la direction des cadres sup\u00e9rieur\u00b7es, notre programme de durabilit\u00e9 assure une supervision strat\u00e9gique et organisationnelle qui nous permet d\u2019atteindre nos cibles et objectifs en mati\u00e8re de durabilit\u00e9 afin de parvenir \u00e0 des \u00e9missions carboneutres d\u2019ici\u00a02050. Cela est n\u00e9cessaire pour r\u00e9duire les risques et les effets du changement climatique et limiter l\u2019augmentation de la temp\u00e9rature mondiale.\u00a0<\/span><\/p><p><span style=\"font-weight: 400;\">Pour en savoir plus sur les mesures prises par Procom pour att\u00e9nuer et r\u00e9duire son incidence sur l\u2019environnement et le climat, consultez les renseignements ci-dessous.<\/span><\/p>\t\t\t\t\t\t\t\t<\/div>\n\t\t\t\t<\/div>\n\t\t\t\t\t<\/div>\n\t\t<\/div>\n\t\t\t\t<div class=\"elementor-column elementor-col-50 elementor-top-column elementor-element elementor-element-4322932 exad-glass-effect-no exad-sticky-section-no\" data-id=\"4322932\" data-element_type=\"column\">\n\t\t\t<div class=\"elementor-widget-wrap elementor-element-populated\">\n\t\t\t\t\t\t<div class=\"elementor-element elementor-element-ff3f148 exad-sticky-section-no exad-glass-effect-no elementor-widget elementor-widget-image\" data-id=\"ff3f148\" data-element_type=\"widget\" data-widget_type=\"image.default\">\n\t\t\t\t<div class=\"elementor-widget-container\">\n\t\t\t\t\t\t\t\t\t\t\t\t\t\t\t<img fetchpriority=\"high\" decoding=\"async\" width=\"1920\" height=\"1024\" src=\"https:\/\/procomstaging.kinsta.cloud\/wp-content\/uploads\/2024\/11\/pc_earth-plant1.webp\" class=\"attachment-full size-full wp-image-45450\" alt=\"\" srcset=\"https:\/\/procomstaging.kinsta.cloud\/wp-content\/uploads\/2024\/11\/pc_earth-plant1.webp 1920w, https:\/\/procomstaging.kinsta.cloud\/wp-content\/uploads\/2024\/11\/pc_earth-plant1-300x160.webp 300w, https:\/\/procomstaging.kinsta.cloud\/wp-content\/uploads\/2024\/11\/pc_earth-plant1-1024x546.webp 1024w, https:\/\/procomstaging.kinsta.cloud\/wp-content\/uploads\/2024\/11\/pc_earth-plant1-768x410.webp 768w, https:\/\/procomstaging.kinsta.cloud\/wp-content\/uploads\/2024\/11\/pc_earth-plant1-1536x819.webp 1536w, https:\/\/procomstaging.kinsta.cloud\/wp-content\/uploads\/2024\/11\/pc_earth-plant1-18x10.webp 18w\" sizes=\"100vw\" \/>\t\t\t\t\t\t\t\t\t\t\t\t\t\t\t<\/div>\n\t\t\t\t<\/div>\n\t\t\t\t\t<\/div>\n\t\t<\/div>\n\t\t\t\t\t<\/div>\n\t\t<\/section>\n\t\t\t\t<section data-exad-particle-enable=\"false\" class=\"elementor-section elementor-top-section elementor-element elementor-element-f3d57fa elementor-section-boxed elementor-section-height-default elementor-section-height-default exad-parallax-effect-no exad-background-color-change-no exad-glass-effect-no exad-sticky-section-no\" data-id=\"f3d57fa\" data-element_type=\"section\" data-settings=\"{&quot;background_background&quot;:&quot;classic&quot;}\" data-no-translation=\"\">\n\t\t\t\t\t\t<div class=\"elementor-container elementor-column-gap-default\">\n\t\t\t\t\t<div class=\"elementor-column elementor-col-100 elementor-top-column elementor-element elementor-element-71619ab exad-glass-effect-no exad-sticky-section-no\" data-id=\"71619ab\" data-element_type=\"column\">\n\t\t\t<div class=\"elementor-widget-wrap elementor-element-populated\">\n\t\t\t\t\t\t<div class=\"elementor-element elementor-element-747289e exad-sticky-section-no exad-glass-effect-no elementor-widget elementor-widget-heading\" data-id=\"747289e\" data-element_type=\"widget\" data-widget_type=\"heading.default\">\n\t\t\t\t<div class=\"elementor-widget-container\">\n\t\t\t\t\t<h1 class=\"elementor-heading-title elementor-size-default\">VOTRE ENTREPRISE S\u2019EST-ELLE DOT\u00c9E DE CIBLES <br>EN MATI\u00c8RE DE DURABILIT\u00c9 OU DE CLIMAT?<\/h1>\t\t\t\t<\/div>\n\t\t\t\t<\/div>\n\t\t\t\t<div class=\"elementor-element elementor-element-29326c5 exad-sticky-section-no exad-glass-effect-no elementor-widget elementor-widget-text-editor\" data-id=\"29326c5\" data-element_type=\"widget\" data-widget_type=\"text-editor.default\">\n\t\t\t\t<div class=\"elementor-widget-container\">\n\t\t\t\t\t\t\t\t\tParlez-nous de la fa\u00e7on dont Procom peut vous aider \u00e0 les atteindre.\t\t\t\t\t\t\t\t<\/div>\n\t\t\t\t<\/div>\n\t\t\t\t<div class=\"elementor-element elementor-element-f8cd914 elementor-align-center exad-sticky-section-no exad-glass-effect-no elementor-widget elementor-widget-button\" data-id=\"f8cd914\" data-element_type=\"widget\" data-widget_type=\"button.default\">\n\t\t\t\t<div class=\"elementor-widget-container\">\n\t\t\t\t\t\t\t\t\t<div class=\"elementor-button-wrapper\">\n\t\t\t\t\t<a class=\"elementor-button elementor-button-link elementor-size-sm\" href=\"https:\/\/procomstaging.kinsta.cloud\/fr-ca\/locations\/\">\n\t\t\t\t\t\t<span class=\"elementor-button-content-wrapper\">\n\t\t\t\t\t\t\t\t\t<span class=\"elementor-button-text\">CONTACTEZ-NOUS<\/span>\n\t\t\t\t\t<\/span>\n\t\t\t\t\t<\/a>\n\t\t\t\t<\/div>\n\t\t\t\t\t\t\t\t<\/div>\n\t\t\t\t<\/div>\n\t\t\t\t\t<\/div>\n\t\t<\/div>\n\t\t\t\t\t<\/div>\n\t\t<\/section>\n\t\t\t\t<\/div>","protected":false},"excerpt":{"rendered":"<p>SUSTAINABILITY Procom is committed to a sustainable future where both people and planet thrive. DURABILIT\u00c9 Procom entend assurer un avenir durable dans lequel les personnes et la plan\u00e8te prosp\u00e8rent. Procom is committed to doing our part as a responsible corporate citizen by modelling a sustainability mindset and best practices for our partners, across our supply &hellip; <\/p>\n<p class=\"link-more\"><a href=\"https:\/\/procomstaging.kinsta.cloud\/fr-ca\/sustainability-policy\/\" class=\"more-link\">Continuer la lecture<span class=\"screen-reader-text\"> de &laquo; Sustainability Policy &raquo;<\/span><\/a><\/p>","protected":false},"author":25,"featured_media":50429,"parent":0,"menu_order":0,"comment_status":"closed","ping_status":"closed","template":"elementor_header_footer","meta":{"footnotes":""},"class_list":["post-45445","page","type-page","status-publish","has-post-thumbnail","hentry"],"acf":[],"_links":{"self":[{"href":"https:\/\/procomstaging.kinsta.cloud\/fr-ca\/wp-json\/wp\/v2\/pages\/45445","targetHints":{"allow":["GET"]}}],"collection":[{"href":"https:\/\/procomstaging.kinsta.cloud\/fr-ca\/wp-json\/wp\/v2\/pages"}],"about":[{"href":"https:\/\/procomstaging.kinsta.cloud\/fr-ca\/wp-json\/wp\/v2\/types\/page"}],"author":[{"embeddable":true,"href":"https:\/\/procomstaging.kinsta.cloud\/fr-ca\/wp-json\/wp\/v2\/users\/25"}],"replies":[{"embeddable":true,"href":"https:\/\/procomstaging.kinsta.cloud\/fr-ca\/wp-json\/wp\/v2\/comments?post=45445"}],"version-history":[{"count":42,"href":"https:\/\/procomstaging.kinsta.cloud\/fr-ca\/wp-json\/wp\/v2\/pages\/45445\/revisions"}],"predecessor-version":[{"id":45514,"href":"https:\/\/procomstaging.kinsta.cloud\/fr-ca\/wp-json\/wp\/v2\/pages\/45445\/revisions\/45514"}],"wp:featuredmedia":[{"embeddable":true,"href":"https:\/\/procomstaging.kinsta.cloud\/fr-ca\/wp-json\/wp\/v2\/media\/50429"}],"wp:attachment":[{"href":"https:\/\/procomstaging.kinsta.cloud\/fr-ca\/wp-json\/wp\/v2\/media?parent=45445"}],"curies":[{"name":"wp","href":"https:\/\/api.w.org\/{rel}","templated":true}]}}