{"id":3250,"date":"2022-04-06T21:09:42","date_gmt":"2022-04-06T21:09:42","guid":{"rendered":"https:\/\/procomstaging.kinsta.cloud\/?page_id=3250"},"modified":"2025-01-07T14:22:06","modified_gmt":"2025-01-07T18:22:06","slug":"return-to-work-report","status":"publish","type":"page","link":"https:\/\/procomstaging.kinsta.cloud\/fr-ca\/return-to-work-report\/","title":{"rendered":"rapport de retour au travail"},"content":{"rendered":"<div data-elementor-type=\"wp-page\" data-elementor-id=\"3250\" class=\"elementor elementor-3250\" data-elementor-post-type=\"page\">\n\t\t\t\t\t\t<section data-exad-particle-enable=\"false\" class=\"elementor-section elementor-top-section elementor-element elementor-element-b5e0534 elementor-section-height-min-height elementor-section-boxed elementor-section-height-default elementor-section-items-middle exad-parallax-effect-no exad-background-color-change-no exad-glass-effect-no exad-sticky-section-no\" data-id=\"b5e0534\" data-element_type=\"section\" data-settings=\"{&quot;background_background&quot;:&quot;classic&quot;}\">\n\t\t\t\t\t\t\t<div class=\"elementor-background-overlay\"><\/div>\n\t\t\t\t\t\t\t<div class=\"elementor-container elementor-column-gap-default\">\n\t\t\t\t\t<div class=\"elementor-column elementor-col-100 elementor-top-column elementor-element elementor-element-597c077 exad-glass-effect-no exad-sticky-section-no\" data-id=\"597c077\" data-element_type=\"column\">\n\t\t\t<div class=\"elementor-widget-wrap elementor-element-populated\">\n\t\t\t\t\t\t<div class=\"elementor-element elementor-element-6352163 exad-sticky-section-no exad-glass-effect-no elementor-widget elementor-widget-heading\" data-id=\"6352163\" data-element_type=\"widget\" data-widget_type=\"heading.default\">\n\t\t\t\t<div class=\"elementor-widget-container\">\n\t\t\t\t\t<h1 class=\"elementor-heading-title elementor-size-default\">Perspectives \u00e9clair\u00e9es par des donn\u00e9es sur ce qui attire<br>les talents dans le monde du travail de 2022<\/h1>\t\t\t\t<\/div>\n\t\t\t\t<\/div>\n\t\t\t\t\t<\/div>\n\t\t<\/div>\n\t\t\t\t\t<\/div>\n\t\t<\/section>\n\t\t\t\t<section data-exad-particle-enable=\"false\" class=\"elementor-section elementor-top-section elementor-element elementor-element-de52ffb elementor-section-boxed elementor-section-height-default elementor-section-height-default exad-parallax-effect-no exad-background-color-change-no exad-glass-effect-no exad-sticky-section-no\" data-id=\"de52ffb\" data-element_type=\"section\">\n\t\t\t\t\t\t<div class=\"elementor-container elementor-column-gap-default\">\n\t\t\t\t\t<div class=\"elementor-column elementor-col-50 elementor-top-column elementor-element elementor-element-05eea36 exad-glass-effect-no exad-sticky-section-no\" data-id=\"05eea36\" data-element_type=\"column\">\n\t\t\t<div class=\"elementor-widget-wrap elementor-element-populated\">\n\t\t\t\t\t\t<div class=\"elementor-element elementor-element-0d02294 exad-sticky-section-no exad-glass-effect-no elementor-widget elementor-widget-image\" data-id=\"0d02294\" data-element_type=\"widget\" data-widget_type=\"image.default\">\n\t\t\t\t<div class=\"elementor-widget-container\">\n\t\t\t\t\t<style>.elementor-element-0d02294{display:none !important}<\/style>\t\t\t\t<\/div>\n\t\t\t\t<\/div>\n\t\t\t\t<div class=\"elementor-element elementor-element-dfe7c07 exad-sticky-section-no exad-glass-effect-no elementor-widget elementor-widget-image\" data-id=\"dfe7c07\" data-element_type=\"widget\" data-no-translation=\"\" data-widget_type=\"image.default\">\n\t\t\t\t<div class=\"elementor-widget-container\">\n\t\t\t\t\t\t\t\t\t\t\t\t\t\t\t<img fetchpriority=\"high\" decoding=\"async\" width=\"310\" height=\"439\" src=\"https:\/\/procomstaging.kinsta.cloud\/wp-content\/uploads\/2022\/11\/Voice-of-Talent-Report-French-Row-41-and-48.png\" class=\"attachment-full size-full wp-image-14463\" alt=\"\" srcset=\"https:\/\/procomstaging.kinsta.cloud\/wp-content\/uploads\/2022\/11\/Voice-of-Talent-Report-French-Row-41-and-48.png 310w, https:\/\/procomstaging.kinsta.cloud\/wp-content\/uploads\/2022\/11\/Voice-of-Talent-Report-French-Row-41-and-48-212x300.png 212w, https:\/\/procomstaging.kinsta.cloud\/wp-content\/uploads\/2022\/11\/Voice-of-Talent-Report-French-Row-41-and-48-8x12.png 8w\" sizes=\"100vw\" \/>\t\t\t\t\t\t\t\t\t\t\t\t\t\t\t<\/div>\n\t\t\t\t<\/div>\n\t\t\t\t<div class=\"elementor-element elementor-element-6746ca9 exad-sticky-section-no exad-glass-effect-no elementor-widget elementor-widget-text-editor\" data-id=\"6746ca9\" data-element_type=\"widget\" data-widget_type=\"text-editor.default\">\n\t\t\t\t<div class=\"elementor-widget-container\">\n\t\t\t\t\t\t\t\t\t<p>Obtenez une perspective \u00e9clair\u00e9e sur la main-d'\u0153uvre en constante \u00e9volution et les nouvelles priorit\u00e9s avec lesquelles les talents doivent composer \u00e0 l'heure actuelle.<\/p><p>Le rapport \u00ab The Voice of Talent \u00bb comporte des perspectives sur ce que les travailleur\u00b7euses \u00e0 temps plein et contractuel\u00b7les attendent des employeurs en mati\u00e8re de :<\/p><ul><li>vaccinations obligatoires;<\/li><li>pr\u00e9f\u00e9rences en mati\u00e8re de t\u00e9l\u00e9travail;<\/li><li>grande d\u00e9mission;<\/li><li>mesures de protection contre la COVID-19, et plus encore.<\/li><\/ul><p><span class=\"bold-text\">Inscrivez-vous d\u00e8s maintenant pour obtenir un acc\u00e8s imm\u00e9diat au rapport \u00ab The Voice of Talent \u00bb.<\/span><\/p>\t\t\t\t\t\t\t\t<\/div>\n\t\t\t\t<\/div>\n\t\t\t\t\t<\/div>\n\t\t<\/div>\n\t\t\t\t<div class=\"elementor-column elementor-col-50 elementor-top-column elementor-element elementor-element-5707b8f exad-glass-effect-no exad-sticky-section-no\" data-id=\"5707b8f\" data-element_type=\"column\" data-settings=\"{&quot;background_background&quot;:&quot;classic&quot;}\">\n\t\t\t<div class=\"elementor-widget-wrap elementor-element-populated\">\n\t\t\t\t\t\t<div class=\"elementor-element elementor-element-93e3d1c exad-sticky-section-no exad-glass-effect-no elementor-widget elementor-widget-heading\" data-id=\"93e3d1c\" data-element_type=\"widget\" data-widget_type=\"heading.default\">\n\t\t\t\t<div class=\"elementor-widget-container\">\n\t\t\t\t\t<h2 class=\"elementor-heading-title elementor-size-default\">Perspectives sectorielles exclusives : Le rapport \u00ab The Voice of Talent \u00bb<\/h2>\t\t\t\t<\/div>\n\t\t\t\t<\/div>\n\t\t\t\t<div class=\"elementor-element elementor-element-875d766 exad-sticky-section-no exad-glass-effect-no elementor-widget elementor-widget-heading\" data-id=\"875d766\" data-element_type=\"widget\" data-widget_type=\"heading.default\">\n\t\t\t\t<div class=\"elementor-widget-container\">\n\t\t\t\t\t<h2 class=\"elementor-heading-title elementor-size-default\">Inscrivez-vous ci-dessous pour obtenir un acc\u00e8s imm\u00e9diat au rapport.<\/h2>\t\t\t\t<\/div>\n\t\t\t\t<\/div>\n\t\t\t\t<div class=\"elementor-element elementor-element-1fc5eec exad-sticky-section-no exad-glass-effect-no elementor-widget elementor-widget-shortcode\" data-id=\"1fc5eec\" data-element_type=\"widget\" data-widget_type=\"shortcode.default\">\n\t\t\t\t<div class=\"elementor-widget-container\">\n\t\t\t\t\t\t\t<div class=\"elementor-shortcode\">\t<style>\n\t#hsForm_7031c5c6-20dc-453d-a730-8fbad8f54cd3 .hs-richtext,\n\t#hsForm_64d5f945-d77d-4cf3-a413-40efb1f56dd1 .hs-richtext{\n\t\tcolor: #38393A!important;\n\t}\n\t<\/style>\n    <script charset=\"utf-8\" type=\"text\/javascript\" src=\"\/\/js.hsforms.net\/forms\/embed\/v2.js\"><\/script>\n    <script>\n      hbspt.forms.create({\n        region: \"na1\",\n        portalId: \"3013010\",\n        formId: \"7031c5c6-20dc-453d-a730-8fbad8f54cd3\",\n        \n        onFormReady: function($form) {\n          $form.find('input[type=\"submit\"]').val(\"Acc\\u00e9der au rapport\");\n\t\t  $form.find('input[name=\"url_hidden\"]').val(window.location.pathname);\n        },\n        \n\t\t\/\/ download attached file (pdf) after a successful submit\n        onFormSubmitted: function($form) {\n          var downloadTriggered = false;\n          var pdfUrl = \"\";\n          \n\t\t  \n\t\t  if (pdfUrl.toLowerCase().endsWith('.pdf')) {\n\t\t\t  var link = document.createElement('a');\n\t\t\t  link.href = pdfUrl;\n\t\t\t  var fileName = pdfUrl.substring(pdfUrl.lastIndexOf('\/') + 1);\n\t\t\t  link.download = fileName;\n\t\t\t  document.body.appendChild(link);\n\t\t\t  link.click();\n\t\t\t  document.body.removeChild(link);\n\t\t  } else {\n\t\t\t  \/\/ Open the URL in a new tab if it's not a PDF\n\t\t\t  window.open(pdfUrl, \"_blank\");\n\t\t  }\n        }\n\t\t\n      });\n    <\/script>\n    <\/div>\n\t\t\t\t\t\t<\/div>\n\t\t\t\t<\/div>\n\t\t\t\t\t<\/div>\n\t\t<\/div>\n\t\t\t\t\t<\/div>\n\t\t<\/section>\n\t\t\t\t<\/div>","protected":false},"excerpt":{"rendered":"<p>Des donn\u00e9es sur ce qui attire les talents dans un monde du travail en 2022. B\u00e9n\u00e9ficiez d'une perspective \u00e9clair\u00e9e sur l'\u00e9volution constante de la main-d'\u0153uvre et sur les nouvelles priorit\u00e9s auxquelles sont confront\u00e9s les talents \u00e0 l'heure actuelle. La Voix des talents comprend des informations sur ce que les travailleurs \u00e0 temps plein et occasionnels attendent des employeurs en ce qui concerne : Les vaccinations obligatoires Les pr\u00e9f\u00e9rences en mati\u00e8re de travail \u00e0 distance La grande d\u00e9mission La s\u00e9curit\u00e9 COVID-19 ... <\/p>\n<p class=\"link-more\"><a href=\"https:\/\/procomstaging.kinsta.cloud\/fr-ca\/return-to-work-report\/\" class=\"more-link\">Continuer la lecture<span class=\"screen-reader-text\"> de \" rapport de retour \u00e0 l'emploi \"<\/span><\/a><\/p>","protected":false},"author":29,"featured_media":50429,"parent":0,"menu_order":0,"comment_status":"closed","ping_status":"open","template":"elementor_header_footer","meta":{"footnotes":""},"class_list":["post-3250","page","type-page","status-publish","has-post-thumbnail","hentry"],"acf":[],"_links":{"self":[{"href":"https:\/\/procomstaging.kinsta.cloud\/fr-ca\/wp-json\/wp\/v2\/pages\/3250","targetHints":{"allow":["GET"]}}],"collection":[{"href":"https:\/\/procomstaging.kinsta.cloud\/fr-ca\/wp-json\/wp\/v2\/pages"}],"about":[{"href":"https:\/\/procomstaging.kinsta.cloud\/fr-ca\/wp-json\/wp\/v2\/types\/page"}],"author":[{"embeddable":true,"href":"https:\/\/procomstaging.kinsta.cloud\/fr-ca\/wp-json\/wp\/v2\/users\/29"}],"replies":[{"embeddable":true,"href":"https:\/\/procomstaging.kinsta.cloud\/fr-ca\/wp-json\/wp\/v2\/comments?post=3250"}],"version-history":[{"count":50,"href":"https:\/\/procomstaging.kinsta.cloud\/fr-ca\/wp-json\/wp\/v2\/pages\/3250\/revisions"}],"predecessor-version":[{"id":47110,"href":"https:\/\/procomstaging.kinsta.cloud\/fr-ca\/wp-json\/wp\/v2\/pages\/3250\/revisions\/47110"}],"wp:featuredmedia":[{"embeddable":true,"href":"https:\/\/procomstaging.kinsta.cloud\/fr-ca\/wp-json\/wp\/v2\/media\/50429"}],"wp:attachment":[{"href":"https:\/\/procomstaging.kinsta.cloud\/fr-ca\/wp-json\/wp\/v2\/media?parent=3250"}],"curies":[{"name":"wp","href":"https:\/\/api.w.org\/{rel}","templated":true}]}}