{"id":3175,"date":"2022-04-05T18:53:42","date_gmt":"2022-04-05T18:53:42","guid":{"rendered":"https:\/\/procomstaging.kinsta.cloud\/?page_id=3175"},"modified":"2025-02-11T13:54:38","modified_gmt":"2025-02-11T17:54:38","slug":"accessibility","status":"publish","type":"page","link":"https:\/\/procomstaging.kinsta.cloud\/fr-ca\/accessibility\/","title":{"rendered":"Accessibilit\u00e9"},"content":{"rendered":"<div data-elementor-type=\"wp-page\" data-elementor-id=\"3175\" class=\"elementor elementor-3175\" data-elementor-post-type=\"page\">\n\t\t\t\t\t\t<section data-exad-particle-enable=\"false\" class=\"elementor-section elementor-top-section elementor-element elementor-element-b5e0534 elementor-section-height-min-height elementor-section-boxed elementor-section-height-default elementor-section-items-middle exad-parallax-effect-no exad-background-color-change-no exad-glass-effect-no exad-sticky-section-no\" data-id=\"b5e0534\" data-element_type=\"section\" data-settings=\"{&quot;background_background&quot;:&quot;classic&quot;}\">\n\t\t\t\t\t\t\t<div class=\"elementor-background-overlay\"><\/div>\n\t\t\t\t\t\t\t<div class=\"elementor-container elementor-column-gap-default\">\n\t\t\t\t\t<div class=\"elementor-column elementor-col-100 elementor-top-column elementor-element elementor-element-597c077 exad-glass-effect-no exad-sticky-section-no\" data-id=\"597c077\" data-element_type=\"column\">\n\t\t\t<div class=\"elementor-widget-wrap elementor-element-populated\">\n\t\t\t\t\t\t<div class=\"elementor-element elementor-element-6352163 exad-sticky-section-no exad-glass-effect-no elementor-widget elementor-widget-heading\" data-id=\"6352163\" data-element_type=\"widget\" data-widget_type=\"heading.default\">\n\t\t\t\t<div class=\"elementor-widget-container\">\n\t\t\t\t\t<h1 class=\"elementor-heading-title elementor-size-default\">D\u00e9claration en mati\u00e8re d\u2019accessibilit\u00e9<\/h1>\t\t\t\t<\/div>\n\t\t\t\t<\/div>\n\t\t\t\t\t<\/div>\n\t\t<\/div>\n\t\t\t\t\t<\/div>\n\t\t<\/section>\n\t\t\t\t<section data-exad-particle-enable=\"false\" class=\"elementor-section elementor-top-section elementor-element elementor-element-de52ffb elementor-section-boxed elementor-section-height-default elementor-section-height-default exad-parallax-effect-no exad-background-color-change-no exad-glass-effect-no exad-sticky-section-no\" data-id=\"de52ffb\" data-element_type=\"section\">\n\t\t\t\t\t\t<div class=\"elementor-container elementor-column-gap-default\">\n\t\t\t\t\t<div class=\"elementor-column elementor-col-100 elementor-top-column elementor-element elementor-element-05eea36 exad-glass-effect-no exad-sticky-section-no\" data-id=\"05eea36\" data-element_type=\"column\">\n\t\t\t<div class=\"elementor-widget-wrap elementor-element-populated\">\n\t\t\t\t\t\t<div class=\"elementor-element elementor-element-6746ca9 exad-sticky-section-no exad-glass-effect-no elementor-widget elementor-widget-text-editor\" data-id=\"6746ca9\" data-element_type=\"widget\" data-no-translation=\"\" data-widget_type=\"text-editor.default\">\n\t\t\t\t<div class=\"elementor-widget-container\">\n\t\t\t\t\t<style>.elementor-element-6746ca9{display:none !important}<\/style>\t\t\t\t<\/div>\n\t\t\t\t<\/div>\n\t\t\t\t<div class=\"elementor-element elementor-element-274d0b4 exad-sticky-section-no exad-glass-effect-no elementor-widget elementor-widget-text-editor\" data-id=\"274d0b4\" data-element_type=\"widget\" data-no-translation=\"\" data-widget_type=\"text-editor.default\">\n\t\t\t\t<div class=\"elementor-widget-container\">\n\t\t\t\t\t\t\t\t\t<p>Procom s&#8217;engage \u00e0 assurer l&#8217;accessibilit\u00e9 num\u00e9rique afin que tous les utilisateurs puissent facilement naviguer sur notre site et utiliser nos services pour recueillir les informations n\u00e9cessaires \u00e0 la satisfaction de leurs besoins commerciaux.<\/p><p>Nous prenons activement des mesures et consacrons des ressources pour am\u00e9liorer l&#8217;accessibilit\u00e9 de notre site Web et de nos services dans un effort continu pour r\u00e9pondre aux besoins de tous nos clients, clients et employ\u00e9s.<\/p><p>Si vous avez rencontr\u00e9 ou pris connaissance d&#8217;un probl\u00e8me d&#8217;accessibilit\u00e9 ou d&#8217;une barri\u00e8re lors de l&#8217;utilisation de l&#8217;un de nos services ou en travaillant avec nous, alors nous aimerions avoir de vos nouvelles. Nous r\u00e9pondrons imm\u00e9diatement \u00e0 vos commentaires et travaillerons avec vous pour trouver une solution et am\u00e9liorer nos pratiques d&#8217;accessibilit\u00e9.<\/p><p>Veuillez contacter Procom \u00e0 <span style=\"text-decoration: underline;\"><a href=\"mailto:procomaccessibility@procomstaging.kinsta.cloud\" target=\"_blank\" rel=\"noopener\">procomaccessibility@procomstaging.kinsta.cloud<\/a><\/span> si vous avez des suggestions qui pourraient nous aider \u00e0 am\u00e9liorer nos options d&#8217;accessibilit\u00e9. Voici notre <span style=\"text-decoration: underline;\"><a href=\"http:\/\/procomstaging.kinsta.cloud\/wp-content\/uploads\/2024\/01\/Ontario-Accessibility-Policy-FINAL-DEC-2023.pdf\" target=\"_blank\" rel=\"noopener\"><em>politique d&#8217;accessibilit\u00e9<\/em><\/a><\/span> (en anglais seulement) et notre <span style=\"text-decoration: underline;\"><a href=\"http:\/\/procomstaging.kinsta.cloud\/wp-content\/uploads\/2025\/02\/Accessibility-Plan-December-2024_frCA.pdf\" target=\"_blank\" rel=\"noopener\"><em>plan d&#8217;accessibilit\u00e9<\/em><\/a><\/span>.<\/p>\t\t\t\t\t\t\t\t<\/div>\n\t\t\t\t<\/div>\n\t\t\t\t\t<\/div>\n\t\t<\/div>\n\t\t\t\t\t<\/div>\n\t\t<\/section>\n\t\t\t\t<\/div>","protected":false},"excerpt":{"rendered":"<p>D\u00e9claration d'accessibilit\u00e9 Procom s'engage \u00e0 garantir l'accessibilit\u00e9 num\u00e9rique afin que tous les utilisateurs puissent facilement naviguer sur notre site web et nos services pour recueillir les informations n\u00e9cessaires pour r\u00e9pondre \u00e0 leurs besoins professionnels. Nous prenons activement des mesures et consacrons des ressources \u00e0 l'am\u00e9lioration de l'accessibilit\u00e9 de notre site web et de nos services dans un effort continu pour r\u00e9pondre aux besoins ... <\/p>\n<p class=\"link-more\"><a href=\"https:\/\/procomstaging.kinsta.cloud\/fr-ca\/accessibility\/\" class=\"more-link\">Continuer la lecture<span class=\"screen-reader-text\"> de \" Accessibilit\u00e9 \"<\/span><\/a><\/p>","protected":false},"author":1,"featured_media":50429,"parent":0,"menu_order":0,"comment_status":"closed","ping_status":"open","template":"elementor_header_footer","meta":{"footnotes":""},"class_list":["post-3175","page","type-page","status-publish","has-post-thumbnail","hentry"],"acf":[],"_links":{"self":[{"href":"https:\/\/procomstaging.kinsta.cloud\/fr-ca\/wp-json\/wp\/v2\/pages\/3175","targetHints":{"allow":["GET"]}}],"collection":[{"href":"https:\/\/procomstaging.kinsta.cloud\/fr-ca\/wp-json\/wp\/v2\/pages"}],"about":[{"href":"https:\/\/procomstaging.kinsta.cloud\/fr-ca\/wp-json\/wp\/v2\/types\/page"}],"author":[{"embeddable":true,"href":"https:\/\/procomstaging.kinsta.cloud\/fr-ca\/wp-json\/wp\/v2\/users\/1"}],"replies":[{"embeddable":true,"href":"https:\/\/procomstaging.kinsta.cloud\/fr-ca\/wp-json\/wp\/v2\/comments?post=3175"}],"version-history":[{"count":37,"href":"https:\/\/procomstaging.kinsta.cloud\/fr-ca\/wp-json\/wp\/v2\/pages\/3175\/revisions"}],"predecessor-version":[{"id":48386,"href":"https:\/\/procomstaging.kinsta.cloud\/fr-ca\/wp-json\/wp\/v2\/pages\/3175\/revisions\/48386"}],"wp:featuredmedia":[{"embeddable":true,"href":"https:\/\/procomstaging.kinsta.cloud\/fr-ca\/wp-json\/wp\/v2\/media\/50429"}],"wp:attachment":[{"href":"https:\/\/procomstaging.kinsta.cloud\/fr-ca\/wp-json\/wp\/v2\/media?parent=3175"}],"curies":[{"name":"wp","href":"https:\/\/api.w.org\/{rel}","templated":true}]}}