{"id":31004,"date":"2024-02-03T20:03:02","date_gmt":"2024-02-03T20:03:02","guid":{"rendered":"https:\/\/procomstaging.kinsta.cloud\/?page_id=31004"},"modified":"2025-01-18T23:11:15","modified_gmt":"2025-01-19T03:11:15","slug":"hire-someone","status":"publish","type":"page","link":"https:\/\/procomstaging.kinsta.cloud\/fr-ca\/hire-someone\/","title":{"rendered":"Embaucher quelqu\u2019un"},"content":{"rendered":"<div data-elementor-type=\"wp-page\" data-elementor-id=\"31004\" class=\"elementor elementor-31004\" data-elementor-post-type=\"page\">\n\t\t\t\t\t\t<section data-exad-particle-enable=\"false\" class=\"elementor-section elementor-top-section elementor-element elementor-element-814cd71 elementor-section-height-min-height elementor-section-boxed elementor-section-height-default elementor-section-items-middle exad-parallax-effect-no exad-background-color-change-no exad-glass-effect-no exad-sticky-section-no\" data-id=\"814cd71\" data-element_type=\"section\" data-settings=\"{&quot;background_background&quot;:&quot;classic&quot;}\">\n\t\t\t\t\t\t<div class=\"elementor-container elementor-column-gap-default\">\n\t\t\t\t\t<div class=\"elementor-column elementor-col-50 elementor-top-column elementor-element elementor-element-eef4997 exad-glass-effect-no exad-sticky-section-no\" data-id=\"eef4997\" data-element_type=\"column\">\n\t\t\t<div class=\"elementor-widget-wrap elementor-element-populated\">\n\t\t\t\t\t\t<div class=\"elementor-element elementor-element-7cfaa02 exad-sticky-section-no exad-glass-effect-no elementor-widget elementor-widget-heading\" data-id=\"7cfaa02\" data-element_type=\"widget\" data-widget_type=\"heading.default\">\n\t\t\t\t<div class=\"elementor-widget-container\">\n\t\t\t\t\t<h1 class=\"elementor-heading-title elementor-size-default\">Embaucher quelqu\u2019un<\/h1>\t\t\t\t<\/div>\n\t\t\t\t<\/div>\n\t\t\t\t\t<\/div>\n\t\t<\/div>\n\t\t\t\t<div class=\"elementor-column elementor-col-50 elementor-top-column elementor-element elementor-element-96b44a0 elementor-hidden-tablet elementor-hidden-mobile exad-glass-effect-no exad-sticky-section-no\" data-id=\"96b44a0\" data-element_type=\"column\">\n\t\t\t<div class=\"elementor-widget-wrap\">\n\t\t\t\t\t\t\t<\/div>\n\t\t<\/div>\n\t\t\t\t\t<\/div>\n\t\t<\/section>\n\t\t\t\t<section data-exad-particle-enable=\"false\" class=\"elementor-section elementor-top-section elementor-element elementor-element-5040aa9 elementor-section-boxed elementor-section-height-default elementor-section-height-default exad-parallax-effect-no exad-background-color-change-no exad-glass-effect-no exad-sticky-section-no\" data-id=\"5040aa9\" data-element_type=\"section\">\n\t\t\t\t\t\t<div class=\"elementor-container elementor-column-gap-no\">\n\t\t\t\t\t<div class=\"elementor-column elementor-col-50 elementor-top-column elementor-element elementor-element-b0f68ed exad-glass-effect-no exad-sticky-section-no\" data-id=\"b0f68ed\" data-element_type=\"column\">\n\t\t\t<div class=\"elementor-widget-wrap elementor-element-populated\">\n\t\t\t\t\t\t<div class=\"elementor-element elementor-element-ac502c9 elementor-widget-tablet__width-initial exad-sticky-section-no exad-glass-effect-no elementor-invisible elementor-widget elementor-widget-heading\" data-id=\"ac502c9\" data-element_type=\"widget\" data-settings=\"{&quot;_animation&quot;:&quot;fadeInDown&quot;}\" data-widget_type=\"heading.default\">\n\t\t\t\t<div class=\"elementor-widget-container\">\n\t\t\t\t\t<h2 class=\"elementor-heading-title elementor-size-default\">Pr\u00eat\u00b7e \u00e0 acc\u00e9der \u00e0 des talents informatiques et \u00e0 une expertise professionnelle?<\/h2>\t\t\t\t<\/div>\n\t\t\t\t<\/div>\n\t\t\t\t<div class=\"elementor-element elementor-element-de1f2b8 exad-sticky-section-no exad-glass-effect-no elementor-widget elementor-widget-text-editor\" data-id=\"de1f2b8\" data-element_type=\"widget\" data-widget_type=\"text-editor.default\">\n\t\t\t\t<div class=\"elementor-widget-container\">\n\t\t\t\t\t\t\t\t\t<p>Contactez l'un\u00b7e de nos sp\u00e9cialistes en recrutement d\u00e8s aujourd'hui pour obtenir une \u00e9valuation gratuite du march\u00e9 de votre r\u00e9gion. Vous obtiendrez des renseignements utiles li\u00e9s \u00e0 l'embauche en ce qui concerne :<\/p><ul><li>les postes informatiques les plus recherch\u00e9s;<\/li><li>les entreprises qui embauchent actuellement pour les postes informatiques les plus recherch\u00e9s;<\/li><li>les taux de r\u00e9mun\u00e9ration des contractuel\u00b7les pour les fonctions informatiques de niveau 1, 2 et 3;<\/li><\/ul>\t\t\t\t\t\t\t\t<\/div>\n\t\t\t\t<\/div>\n\t\t\t\t<div class=\"elementor-element elementor-element-d709274 exad-sticky-section-no exad-glass-effect-no elementor-widget elementor-widget-image\" data-id=\"d709274\" data-element_type=\"widget\" data-widget_type=\"image.default\">\n\t\t\t\t<div class=\"elementor-widget-container\">\n\t\t\t\t\t\t\t\t\t\t\t\t\t\t\t<img fetchpriority=\"high\" decoding=\"async\" width=\"525\" height=\"392\" src=\"https:\/\/procomstaging.kinsta.cloud\/wp-content\/uploads\/2024\/01\/shutterstock_1868188300-1.png\" class=\"attachment-large size-large wp-image-29503\" alt=\"\" srcset=\"https:\/\/procomstaging.kinsta.cloud\/wp-content\/uploads\/2024\/01\/shutterstock_1868188300-1.png 587w, https:\/\/procomstaging.kinsta.cloud\/wp-content\/uploads\/2024\/01\/shutterstock_1868188300-1-300x224.png 300w, https:\/\/procomstaging.kinsta.cloud\/wp-content\/uploads\/2024\/01\/shutterstock_1868188300-1-16x12.png 16w\" sizes=\"100vw\" \/>\t\t\t\t\t\t\t\t\t\t\t\t\t\t\t<\/div>\n\t\t\t\t<\/div>\n\t\t\t\t\t<\/div>\n\t\t<\/div>\n\t\t\t\t<div class=\"elementor-column elementor-col-50 elementor-top-column elementor-element elementor-element-1f95ae2 exad-glass-effect-no exad-sticky-section-no\" data-id=\"1f95ae2\" data-element_type=\"column\">\n\t\t\t<div class=\"elementor-widget-wrap elementor-element-populated\">\n\t\t\t\t\t\t<section data-exad-particle-enable=\"false\" class=\"elementor-section elementor-inner-section elementor-element elementor-element-f35a2c7 elementor-section-boxed elementor-section-height-default elementor-section-height-default exad-parallax-effect-no exad-background-color-change-no exad-glass-effect-no exad-sticky-section-no\" data-id=\"f35a2c7\" data-element_type=\"section\">\n\t\t\t\t\t\t<div class=\"elementor-container elementor-column-gap-no\">\n\t\t\t\t\t<div class=\"elementor-column elementor-col-100 elementor-inner-column elementor-element elementor-element-9d7916e exad-glass-effect-no exad-sticky-section-no\" data-id=\"9d7916e\" data-element_type=\"column\">\n\t\t\t<div class=\"elementor-widget-wrap elementor-element-populated\">\n\t\t\t\t\t\t<div class=\"elementor-element elementor-element-dfc82ba exad-sticky-section-no exad-glass-effect-no elementor-widget elementor-widget-heading\" data-id=\"dfc82ba\" data-element_type=\"widget\" id=\"thank-you-msg\" data-widget_type=\"heading.default\">\n\t\t\t\t<div class=\"elementor-widget-container\">\n\t\t\t\t\t<h2 class=\"elementor-heading-title elementor-size-default\">Merci d'avoir envoy\u00e9 le formulaire !<\/h2>\t\t\t\t<\/div>\n\t\t\t\t<\/div>\n\t\t\t\t\t<\/div>\n\t\t<\/div>\n\t\t\t\t\t<\/div>\n\t\t<\/section>\n\t\t\t\t<div class=\"elementor-element elementor-element-0849b4d exad-sticky-section-no exad-glass-effect-no elementor-widget elementor-widget-html\" data-id=\"0849b4d\" data-element_type=\"widget\" data-widget_type=\"html.default\">\n\t\t\t\t<div class=\"elementor-widget-container\">\n\t\t\t\t\t<script charset=\"utf-8\" type=\"text\/javascript\" src=\"\/\/js.hsforms.net\/forms\/embed\/v2.js\"><\/script>\r\n<script>\r\n  hbspt.forms.create({\r\n    region: \"na1\",\r\n    portalId: \"3013010\",\r\n    formId: \"660a7797-a076-4800-9c8e-9bd4cc3a6534\",\r\n    onFormReady: function($form) {\r\n        $form.find('input[name=\"url_hidden\"]').val(window.location.pathname);\r\n      var lang = document.querySelector('html').getAttribute('lang');\r\n      \r\n      if (lang.includes('en')) {\r\n        $form.find('input[type=\"submit\"]').val('Get Started');\r\n      } else {\r\n        $form.find('input[type=\"submit\"]').val(\"Envoyer\");\r\n      }\r\n      \r\n      \r\n    }\r\n  });\r\n<\/script>\r\n\t\t\t\t<\/div>\n\t\t\t\t<\/div>\n\t\t\t\t\t<\/div>\n\t\t<\/div>\n\t\t\t\t\t<\/div>\n\t\t<\/section>\n\t\t\t\t<\/div>","protected":false},"excerpt":{"rendered":"<p>Embaucher quelqu'un Pr\u00eat \u00e0 acc\u00e9der aux talents informatiques et \u00e0 l'expertise professionnelle ? Contactez l'un de nos experts en recrutement d\u00e8s aujourd'hui pour obtenir une \u00e9valuation gratuite du march\u00e9 dans votre r\u00e9gion. Vous obtiendrez des informations utiles sur l'embauche : Les postes les plus demand\u00e9s dans le secteur de l'informatique. Les entreprises qui recrutent actuellement pour les postes informatiques les plus demand\u00e9s. Les taux de r\u00e9mun\u00e9ration des entrepreneurs pour L1, ... <\/p>\n<p class=\"link-more\"><a href=\"https:\/\/procomstaging.kinsta.cloud\/fr-ca\/hire-someone\/\" class=\"more-link\">Continuer la lecture<span class=\"screen-reader-text\"> de \" Embaucher quelqu'un \"<\/span><\/a><\/p>","protected":false},"author":25,"featured_media":50429,"parent":0,"menu_order":0,"comment_status":"closed","ping_status":"closed","template":"elementor_header_footer","meta":{"footnotes":""},"class_list":["post-31004","page","type-page","status-publish","has-post-thumbnail","hentry"],"acf":[],"_links":{"self":[{"href":"https:\/\/procomstaging.kinsta.cloud\/fr-ca\/wp-json\/wp\/v2\/pages\/31004","targetHints":{"allow":["GET"]}}],"collection":[{"href":"https:\/\/procomstaging.kinsta.cloud\/fr-ca\/wp-json\/wp\/v2\/pages"}],"about":[{"href":"https:\/\/procomstaging.kinsta.cloud\/fr-ca\/wp-json\/wp\/v2\/types\/page"}],"author":[{"embeddable":true,"href":"https:\/\/procomstaging.kinsta.cloud\/fr-ca\/wp-json\/wp\/v2\/users\/25"}],"replies":[{"embeddable":true,"href":"https:\/\/procomstaging.kinsta.cloud\/fr-ca\/wp-json\/wp\/v2\/comments?post=31004"}],"version-history":[{"count":48,"href":"https:\/\/procomstaging.kinsta.cloud\/fr-ca\/wp-json\/wp\/v2\/pages\/31004\/revisions"}],"predecessor-version":[{"id":47273,"href":"https:\/\/procomstaging.kinsta.cloud\/fr-ca\/wp-json\/wp\/v2\/pages\/31004\/revisions\/47273"}],"wp:featuredmedia":[{"embeddable":true,"href":"https:\/\/procomstaging.kinsta.cloud\/fr-ca\/wp-json\/wp\/v2\/media\/50429"}],"wp:attachment":[{"href":"https:\/\/procomstaging.kinsta.cloud\/fr-ca\/wp-json\/wp\/v2\/media?parent=31004"}],"curies":[{"name":"wp","href":"https:\/\/api.w.org\/{rel}","templated":true}]}}