{"id":2508,"date":"2022-03-22T19:22:11","date_gmt":"2022-03-22T19:22:11","guid":{"rendered":"https:\/\/procomstaging.kinsta.cloud\/?page_id=2508"},"modified":"2023-12-18T20:55:22","modified_gmt":"2023-12-18T20:55:22","slug":"login","status":"publish","type":"page","link":"https:\/\/procomstaging.kinsta.cloud\/fr-ca\/login\/","title":{"rendered":"Ouvrir une session"},"content":{"rendered":"<div data-elementor-type=\"wp-page\" data-elementor-id=\"2508\" class=\"elementor elementor-2508\" data-elementor-post-type=\"page\">\n\t\t\t\t\t\t<section data-exad-particle-enable=\"false\" class=\"elementor-section elementor-top-section elementor-element elementor-element-ad10d5a elementor-section-content-top elementor-section-boxed elementor-section-height-default elementor-section-height-default exad-parallax-effect-no exad-background-color-change-no exad-glass-effect-no exad-sticky-section-no\" data-id=\"ad10d5a\" data-element_type=\"section\">\n\t\t\t\t\t\t<div class=\"elementor-container elementor-column-gap-default\">\n\t\t\t\t\t<div class=\"elementor-column elementor-col-50 elementor-top-column elementor-element elementor-element-3ab1f32 exad-glass-effect-no exad-sticky-section-no\" data-id=\"3ab1f32\" data-element_type=\"column\" data-settings=\"{&quot;background_background&quot;:&quot;classic&quot;}\">\n\t\t\t<div class=\"elementor-widget-wrap elementor-element-populated\">\n\t\t\t\t\t\t<section data-exad-particle-enable=\"false\" class=\"elementor-section elementor-inner-section elementor-element elementor-element-2d44dd0 elementor-section-boxed elementor-section-height-default elementor-section-height-default exad-parallax-effect-no exad-background-color-change-no exad-glass-effect-no exad-sticky-section-no\" data-id=\"2d44dd0\" data-element_type=\"section\">\n\t\t\t\t\t\t<div class=\"elementor-container elementor-column-gap-default\">\n\t\t\t\t\t<div class=\"elementor-column elementor-col-100 elementor-inner-column elementor-element elementor-element-ea54fd8 exad-glass-effect-no exad-sticky-section-no\" data-id=\"ea54fd8\" data-element_type=\"column\" data-settings=\"{&quot;background_background&quot;:&quot;classic&quot;}\">\n\t\t\t<div class=\"elementor-widget-wrap elementor-element-populated\">\n\t\t\t\t\t\t<div class=\"elementor-element elementor-element-d75aad6 eael-tooltip-align-left eael-tooltip-text-align-left exad-sticky-section-no exad-glass-effect-no elementor-widget elementor-widget-eael-tooltip\" data-id=\"d75aad6\" data-element_type=\"widget\" data-widget_type=\"eael-tooltip.default\">\n\t\t\t\t<div class=\"elementor-widget-container\">\n\t\t\t\t\t\t<div class=\"eael-tooltip\">\n\t\t\t\t\t<p class=\"eael-tooltip-content\" tabindex=\"0\" aria-describedby=\"tooltip-text-d75aad6\"><h6>En vedette<\/h6><h4><strong>VIDEO | R\u00e9pondre aux questions analytiques<\/strong><\/h4><p>Regardez la vid\u00e9o du mardi des conseils de carri\u00e8re de cette semaine pour apprendre \u00e0 r\u00e9pondre \u00e0 des questions analytiques dans votre prochaine ...<\/p><p><a href=\"https:\/\/procomstaging.kinsta.cloud\/fr-ca\/job-seeker\/old-video-answering-analytical-questions\/\">Lire l'article complet<\/a><\/p><\/p>\n  \t\t\t<span id=\"tooltip-text-d75aad6\" class=\"eael-tooltip-text eael-tooltip-left\" role=\"tooltip\"><\/span>\n  \t\t\t<\/div>\n\t\t\t\t\t<\/div>\n\t\t\t\t<\/div>\n\t\t\t\t\t<\/div>\n\t\t<\/div>\n\t\t\t\t\t<\/div>\n\t\t<\/section>\n\t\t\t\t\t<\/div>\n\t\t<\/div>\n\t\t\t\t<div class=\"elementor-column elementor-col-50 elementor-top-column elementor-element elementor-element-9e9c014 exad-glass-effect-no exad-sticky-section-no\" data-id=\"9e9c014\" data-element_type=\"column\" data-settings=\"{&quot;background_background&quot;:&quot;classic&quot;}\">\n\t\t\t<div class=\"elementor-widget-wrap elementor-element-populated\">\n\t\t\t\t\t\t<div class=\"elementor-element elementor-element-7751f44 exad-sticky-section-no exad-glass-effect-no elementor-widget elementor-widget-spacer\" data-id=\"7751f44\" data-element_type=\"widget\" data-widget_type=\"spacer.default\">\n\t\t\t\t<div class=\"elementor-widget-container\">\n\t\t\t\t\t\t\t<div class=\"elementor-spacer\">\n\t\t\t<div class=\"elementor-spacer-inner\"><\/div>\n\t\t<\/div>\n\t\t\t\t\t\t<\/div>\n\t\t\t\t<\/div>\n\t\t\t\t<div class=\"elementor-element elementor-element-1f2ec24 exad-sticky-section-no exad-glass-effect-no elementor-widget elementor-widget-heading\" data-id=\"1f2ec24\" data-element_type=\"widget\" data-widget_type=\"heading.default\">\n\t\t\t\t<div class=\"elementor-widget-container\">\n\t\t\t\t\t<h1 class=\"elementor-heading-title elementor-size-default\">Connexion des demandeurs d'emploi<\/h1>\t\t\t\t<\/div>\n\t\t\t\t<\/div>\n\t\t\t\t<div class=\"elementor-element elementor-element-e4afc61 exad-sticky-section-no exad-glass-effect-no elementor-widget elementor-widget-text-editor\" data-id=\"e4afc61\" data-element_type=\"widget\" data-widget_type=\"text-editor.default\">\n\t\t\t\t<div class=\"elementor-widget-container\">\n\t\t\t\t\t\t\t\t\t<p>Connectez-vous \u00e0 votre profil de chercheur d'emploi pour mettre \u00e0 jour vos disponibilit\u00e9s et personnaliser vos alertes d'emploi.\u00a0<\/p>\t\t\t\t\t\t\t\t<\/div>\n\t\t\t\t<\/div>\n\t\t\t\t<div class=\"elementor-element elementor-element-e395462 elementor-align-center exad-sticky-section-no exad-glass-effect-no elementor-widget elementor-widget-button\" data-id=\"e395462\" data-element_type=\"widget\" data-widget_type=\"button.default\">\n\t\t\t\t<div class=\"elementor-widget-container\">\n\t\t\t\t\t\t\t\t\t<div class=\"elementor-button-wrapper\">\n\t\t\t\t\t<a class=\"elementor-button elementor-button-link elementor-size-sm\" href=\"https:\/\/jobs.procomstaging.kinsta.cloud\/app\/Account\/Login?__hstc=222138375.2e059795ee41b40ba8f9b9b000e7dfbe.1643057912560.1647882706542.1647976343060.105&#038;__hssc=222138375.9.1647976343060&#038;__hsfp=1943638301&#038;hsutk=2e059795ee41b40ba8f9b9b000e7dfbe&#038;contentType=standard-page\">\n\t\t\t\t\t\t<span class=\"elementor-button-content-wrapper\">\n\t\t\t\t\t\t<span class=\"elementor-button-icon\">\n\t\t\t\t<i aria-hidden=\"true\" class=\"remixicon ri-arrow-go-forward-fill\"><\/i>\t\t\t<\/span>\n\t\t\t\t\t\t\t\t\t<span class=\"elementor-button-text\">CONTINUER<\/span>\n\t\t\t\t\t<\/span>\n\t\t\t\t\t<\/a>\n\t\t\t\t<\/div>\n\t\t\t\t\t\t\t\t<\/div>\n\t\t\t\t<\/div>\n\t\t\t\t<div class=\"elementor-element elementor-element-b0eb7e0 elementor-widget-divider--view-line exad-sticky-section-no exad-glass-effect-no elementor-widget elementor-widget-divider\" data-id=\"b0eb7e0\" data-element_type=\"widget\" data-widget_type=\"divider.default\">\n\t\t\t\t<div class=\"elementor-widget-container\">\n\t\t\t\t\t\t\t<div class=\"elementor-divider\">\n\t\t\t<span class=\"elementor-divider-separator\">\n\t\t\t\t\t\t<\/span>\n\t\t<\/div>\n\t\t\t\t\t\t<\/div>\n\t\t\t\t<\/div>\n\t\t\t\t<div class=\"elementor-element elementor-element-899446d exad-sticky-section-no exad-glass-effect-no elementor-widget elementor-widget-heading\" data-id=\"899446d\" data-element_type=\"widget\" data-widget_type=\"heading.default\">\n\t\t\t\t<div class=\"elementor-widget-container\">\n\t\t\t\t\t<h2 class=\"elementor-heading-title elementor-size-default\">Feuilles de temps et factures<\/h2>\t\t\t\t<\/div>\n\t\t\t\t<\/div>\n\t\t\t\t<div class=\"elementor-element elementor-element-e0ff5fa exad-sticky-section-no exad-glass-effect-no elementor-widget elementor-widget-text-editor\" data-id=\"e0ff5fa\" data-element_type=\"widget\" data-widget_type=\"text-editor.default\">\n\t\t\t\t<div class=\"elementor-widget-container\">\n\t\t\t\t\t\t\t\t\t<p>Saisissez vos heures, v\u00e9rifiez l'\u00e9tat de vos paiements et acc\u00e9dez aux factures de vos missions.<\/p>\t\t\t\t\t\t\t\t<\/div>\n\t\t\t\t<\/div>\n\t\t\t\t<div class=\"elementor-element elementor-element-ee272a4 elementor-align-center exad-sticky-section-no exad-glass-effect-no elementor-widget elementor-widget-button\" data-id=\"ee272a4\" data-element_type=\"widget\" data-widget_type=\"button.default\">\n\t\t\t\t<div class=\"elementor-widget-container\">\n\t\t\t\t\t\t\t\t\t<div class=\"elementor-button-wrapper\">\n\t\t\t\t\t<a class=\"elementor-button elementor-button-link elementor-size-sm\" href=\"https:\/\/procom.clientconnections.com\/Contractor\/Login\">\n\t\t\t\t\t\t<span class=\"elementor-button-content-wrapper\">\n\t\t\t\t\t\t<span class=\"elementor-button-icon\">\n\t\t\t\t<i aria-hidden=\"true\" class=\"remixicon ri-arrow-go-forward-fill\"><\/i>\t\t\t<\/span>\n\t\t\t\t\t\t\t\t\t<span class=\"elementor-button-text\">CONTINUER<\/span>\n\t\t\t\t\t<\/span>\n\t\t\t\t\t<\/a>\n\t\t\t\t<\/div>\n\t\t\t\t\t\t\t\t<\/div>\n\t\t\t\t<\/div>\n\t\t\t\t\t<\/div>\n\t\t<\/div>\n\t\t\t\t\t<\/div>\n\t\t<\/section>\n\t\t\t\t<\/div>","protected":false},"excerpt":{"rendered":"<p>En vedette VID\u00c9O : R\u00e9pondre \u00e0 des questions analytiques Regardez la vid\u00e9o du Mardi de l'info carri\u00e8re de cette semaine pour apprendre \u00e0 ... Lire l'article complet Connexion du chercheur d'emploi Connectez-vous \u00e0 votre profil de chercheur d'emploi pour mettre \u00e0 jour vos disponibilit\u00e9s et personnaliser vos alertes d'emploi.  CONTINUER Feuilles de temps et factures Saisissez vos heures, v\u00e9rifiez vos paiements ... <\/p>\n<p class=\"link-more\"><a href=\"https:\/\/procomstaging.kinsta.cloud\/fr-ca\/login\/\" class=\"more-link\">Continuer la lecture<span class=\"screen-reader-text\"> de \" Login \"<\/span><\/a><\/p>","protected":false},"author":29,"featured_media":50429,"parent":0,"menu_order":0,"comment_status":"closed","ping_status":"open","template":"elementor_header_footer","meta":{"footnotes":""},"class_list":["post-2508","page","type-page","status-publish","has-post-thumbnail","hentry"],"acf":[],"_links":{"self":[{"href":"https:\/\/procomstaging.kinsta.cloud\/fr-ca\/wp-json\/wp\/v2\/pages\/2508","targetHints":{"allow":["GET"]}}],"collection":[{"href":"https:\/\/procomstaging.kinsta.cloud\/fr-ca\/wp-json\/wp\/v2\/pages"}],"about":[{"href":"https:\/\/procomstaging.kinsta.cloud\/fr-ca\/wp-json\/wp\/v2\/types\/page"}],"author":[{"embeddable":true,"href":"https:\/\/procomstaging.kinsta.cloud\/fr-ca\/wp-json\/wp\/v2\/users\/29"}],"replies":[{"embeddable":true,"href":"https:\/\/procomstaging.kinsta.cloud\/fr-ca\/wp-json\/wp\/v2\/comments?post=2508"}],"version-history":[{"count":4,"href":"https:\/\/procomstaging.kinsta.cloud\/fr-ca\/wp-json\/wp\/v2\/pages\/2508\/revisions"}],"predecessor-version":[{"id":28511,"href":"https:\/\/procomstaging.kinsta.cloud\/fr-ca\/wp-json\/wp\/v2\/pages\/2508\/revisions\/28511"}],"wp:featuredmedia":[{"embeddable":true,"href":"https:\/\/procomstaging.kinsta.cloud\/fr-ca\/wp-json\/wp\/v2\/media\/50429"}],"wp:attachment":[{"href":"https:\/\/procomstaging.kinsta.cloud\/fr-ca\/wp-json\/wp\/v2\/media?parent=2508"}],"curies":[{"name":"wp","href":"https:\/\/api.w.org\/{rel}","templated":true}]}}