{"id":216,"date":"2022-02-24T19:20:29","date_gmt":"2022-02-24T19:20:29","guid":{"rendered":"\/?page_id=216"},"modified":"2024-10-31T11:32:40","modified_gmt":"2024-10-31T15:32:40","slug":"recognition","status":"publish","type":"page","link":"https:\/\/procomstaging.kinsta.cloud\/fr-ca\/recognition\/","title":{"rendered":"RECONNAISSANCE"},"content":{"rendered":"<div data-elementor-type=\"wp-page\" data-elementor-id=\"216\" class=\"elementor elementor-216\" data-elementor-post-type=\"page\">\n\t\t\t\t\t\t<section data-exad-particle-enable=\"false\" class=\"elementor-section elementor-top-section elementor-element elementor-element-8b5e2d2 elementor-section-boxed elementor-section-height-default elementor-section-height-default exad-parallax-effect-no exad-background-color-change-no exad-glass-effect-no exad-sticky-section-no\" data-id=\"8b5e2d2\" data-element_type=\"section\" data-settings=\"{&quot;background_background&quot;:&quot;classic&quot;}\">\n\t\t\t\t\t\t<div class=\"elementor-container elementor-column-gap-default\">\n\t\t\t\t\t<div class=\"elementor-column elementor-col-100 elementor-top-column elementor-element elementor-element-9c2a0ab exad-glass-effect-no exad-sticky-section-no\" data-id=\"9c2a0ab\" data-element_type=\"column\">\n\t\t\t<div class=\"elementor-widget-wrap elementor-element-populated\">\n\t\t\t\t\t\t<div class=\"elementor-element elementor-element-72dec3d exad-sticky-section-no exad-glass-effect-no elementor-widget elementor-widget-heading\" data-id=\"72dec3d\" data-element_type=\"widget\" data-widget_type=\"heading.default\">\n\t\t\t\t<div class=\"elementor-widget-container\">\n\t\t\t\t\t<h1 class=\"elementor-heading-title elementor-size-default\">RECONNAISSANCE<\/h1>\t\t\t\t<\/div>\n\t\t\t\t<\/div>\n\t\t\t\t<div class=\"elementor-element elementor-element-111283f exad-sticky-section-no exad-glass-effect-no elementor-widget elementor-widget-text-editor\" data-id=\"111283f\" data-element_type=\"widget\" data-widget_type=\"text-editor.default\">\n\t\t\t\t<div class=\"elementor-widget-container\">\n\t\t\t\t\t\t\t\t\t<p>Quand on travaille aussi dur que nous pour essayer d'apporter de la valeur \u00e0 nos entreprises clientes,<br>c'est une belle r\u00e9compense que d'\u00eatre reconnu pour ses efforts.\u00a0<\/p>\t\t\t\t\t\t\t\t<\/div>\n\t\t\t\t<\/div>\n\t\t\t\t\t<\/div>\n\t\t<\/div>\n\t\t\t\t\t<\/div>\n\t\t<\/section>\n\t\t\t\t<section data-exad-particle-enable=\"false\" class=\"elementor-section elementor-top-section elementor-element elementor-element-47d19a7 elementor-section-boxed elementor-section-height-default elementor-section-height-default exad-parallax-effect-no exad-background-color-change-no exad-glass-effect-no exad-sticky-section-no\" data-id=\"47d19a7\" data-element_type=\"section\">\n\t\t\t\t\t\t<div class=\"elementor-container elementor-column-gap-default\">\n\t\t\t\t\t<div class=\"elementor-column elementor-col-50 elementor-top-column elementor-element elementor-element-1db58cd exad-glass-effect-no exad-sticky-section-no\" data-id=\"1db58cd\" data-element_type=\"column\">\n\t\t\t<div class=\"elementor-widget-wrap elementor-element-populated\">\n\t\t\t\t\t\t<div class=\"elementor-element elementor-element-385e181 exad-sticky-section-no exad-glass-effect-no elementor-widget elementor-widget-spacer\" data-id=\"385e181\" data-element_type=\"widget\" data-widget_type=\"spacer.default\">\n\t\t\t\t<div class=\"elementor-widget-container\">\n\t\t\t\t\t\t\t<div class=\"elementor-spacer\">\n\t\t\t<div class=\"elementor-spacer-inner\"><\/div>\n\t\t<\/div>\n\t\t\t\t\t\t<\/div>\n\t\t\t\t<\/div>\n\t\t\t\t<div class=\"elementor-element elementor-element-be59a36 exad-sticky-section-no exad-glass-effect-no elementor-widget elementor-widget-heading\" data-id=\"be59a36\" data-element_type=\"widget\" data-widget_type=\"heading.default\">\n\t\t\t\t<div class=\"elementor-widget-container\">\n\t\t\t\t\t<h3 class=\"elementor-heading-title elementor-size-small\">Ce qui compte pour nous<\/h3>\t\t\t\t<\/div>\n\t\t\t\t<\/div>\n\t\t\t\t<div class=\"elementor-element elementor-element-40df03f exad-sticky-section-no exad-glass-effect-no elementor-widget elementor-widget-text-editor\" data-id=\"40df03f\" data-element_type=\"widget\" data-widget_type=\"text-editor.default\">\n\t\t\t\t<div class=\"elementor-widget-container\">\n\t\t\t\t\t\t\t\t\t<p>Ces valeurs constituent les principes qui guident notre organisation, ainsi que les relations que nous entretenons avec nos coll\u00e8gues, nos entreprises clientes et les chercheur\u00b7euses d'emploi que nous cherchons \u00e0 aider.<\/p>\t\t\t\t\t\t\t\t<\/div>\n\t\t\t\t<\/div>\n\t\t\t\t<section data-exad-particle-enable=\"false\" class=\"elementor-section elementor-inner-section elementor-element elementor-element-586b9d3 elementor-section-boxed elementor-section-height-default elementor-section-height-default exad-parallax-effect-no exad-background-color-change-no exad-glass-effect-no exad-sticky-section-no\" data-id=\"586b9d3\" data-element_type=\"section\">\n\t\t\t\t\t\t<div class=\"elementor-container elementor-column-gap-default\">\n\t\t\t\t\t<div class=\"elementor-column elementor-col-50 elementor-inner-column elementor-element elementor-element-2b34262 exad-glass-effect-no exad-sticky-section-no\" data-id=\"2b34262\" data-element_type=\"column\">\n\t\t\t<div class=\"elementor-widget-wrap elementor-element-populated\">\n\t\t\t\t\t\t<div class=\"elementor-element elementor-element-933e85c elementor-align-justify exad-sticky-section-no exad-glass-effect-no elementor-widget elementor-widget-button\" data-id=\"933e85c\" data-element_type=\"widget\" data-widget_type=\"button.default\">\n\t\t\t\t<div class=\"elementor-widget-container\">\n\t\t\t\t\t\t\t\t\t<div class=\"elementor-button-wrapper\">\n\t\t\t\t\t<a class=\"elementor-button elementor-button-link elementor-size-sm\" href=\"https:\/\/procomstaging.kinsta.cloud\/fr-ca\/about-us\/values\/\">\n\t\t\t\t\t\t<span class=\"elementor-button-content-wrapper\">\n\t\t\t\t\t\t\t\t\t<span class=\"elementor-button-text\">VALEURS<\/span>\n\t\t\t\t\t<\/span>\n\t\t\t\t\t<\/a>\n\t\t\t\t<\/div>\n\t\t\t\t\t\t\t\t<\/div>\n\t\t\t\t<\/div>\n\t\t\t\t<div class=\"elementor-element elementor-element-b58fbe1 elementor-align-justify exad-sticky-section-no exad-glass-effect-no elementor-widget elementor-widget-button\" data-id=\"b58fbe1\" data-element_type=\"widget\" data-widget_type=\"button.default\">\n\t\t\t\t<div class=\"elementor-widget-container\">\n\t\t\t\t\t\t\t\t\t<div class=\"elementor-button-wrapper\">\n\t\t\t\t\t<a class=\"elementor-button elementor-button-link elementor-size-sm\" href=\"https:\/\/procomstaging.kinsta.cloud\/fr-ca\/recognition\/\">\n\t\t\t\t\t\t<span class=\"elementor-button-content-wrapper\">\n\t\t\t\t\t\t\t\t\t<span class=\"elementor-button-text\">DISTINCTIONS<\/span>\n\t\t\t\t\t<\/span>\n\t\t\t\t\t<\/a>\n\t\t\t\t<\/div>\n\t\t\t\t\t\t\t\t<\/div>\n\t\t\t\t<\/div>\n\t\t\t\t\t<\/div>\n\t\t<\/div>\n\t\t\t\t<div class=\"elementor-column elementor-col-50 elementor-inner-column elementor-element elementor-element-0438724 exad-glass-effect-no exad-sticky-section-no\" data-id=\"0438724\" data-element_type=\"column\">\n\t\t\t<div class=\"elementor-widget-wrap elementor-element-populated\">\n\t\t\t\t\t\t<div class=\"elementor-element elementor-element-60e0636 elementor-align-justify exad-sticky-section-no exad-glass-effect-no elementor-widget elementor-widget-button\" data-id=\"60e0636\" data-element_type=\"widget\" data-widget_type=\"button.default\">\n\t\t\t\t<div class=\"elementor-widget-container\">\n\t\t\t\t\t\t\t\t\t<div class=\"elementor-button-wrapper\">\n\t\t\t\t\t<a class=\"elementor-button elementor-button-link elementor-size-sm\" href=\"https:\/\/procomstaging.kinsta.cloud\/fr-ca\/join-our-team\/\">\n\t\t\t\t\t\t<span class=\"elementor-button-content-wrapper\">\n\t\t\t\t\t\t\t\t\t<span class=\"elementor-button-text\">JOIGNEZ-VOUS \u00c0 NOUS<\/span>\n\t\t\t\t\t<\/span>\n\t\t\t\t\t<\/a>\n\t\t\t\t<\/div>\n\t\t\t\t\t\t\t\t<\/div>\n\t\t\t\t<\/div>\n\t\t\t\t\t<\/div>\n\t\t<\/div>\n\t\t\t\t\t<\/div>\n\t\t<\/section>\n\t\t\t\t<div class=\"elementor-element elementor-element-cd23f65 exad-sticky-section-no exad-glass-effect-no elementor-widget elementor-widget-spacer\" data-id=\"cd23f65\" data-element_type=\"widget\" data-widget_type=\"spacer.default\">\n\t\t\t\t<div class=\"elementor-widget-container\">\n\t\t\t\t\t\t\t<div class=\"elementor-spacer\">\n\t\t\t<div class=\"elementor-spacer-inner\"><\/div>\n\t\t<\/div>\n\t\t\t\t\t\t<\/div>\n\t\t\t\t<\/div>\n\t\t\t\t\t<\/div>\n\t\t<\/div>\n\t\t\t\t<div class=\"elementor-column elementor-col-50 elementor-top-column elementor-element elementor-element-c8d012e exad-glass-effect-no exad-sticky-section-no\" data-id=\"c8d012e\" data-element_type=\"column\">\n\t\t\t<div class=\"elementor-widget-wrap elementor-element-populated\">\n\t\t\t\t\t\t<div class=\"elementor-element elementor-element-df20b28 exad-sticky-section-no exad-glass-effect-no elementor-widget elementor-widget-image\" data-id=\"df20b28\" data-element_type=\"widget\" data-widget_type=\"image.default\">\n\t\t\t\t<div class=\"elementor-widget-container\">\n\t\t\t\t\t\t\t\t\t\t\t\t\t\t\t<img fetchpriority=\"high\" decoding=\"async\" width=\"960\" height=\"640\" src=\"https:\/\/procomstaging.kinsta.cloud\/wp-content\/uploads\/2022\/02\/modern-business-people-walking-on-stairs-in-glass-TG8AR9M-redux.jpg\" class=\"attachment-full size-full wp-image-218\" alt=\"\" srcset=\"https:\/\/procomstaging.kinsta.cloud\/wp-content\/uploads\/2022\/02\/modern-business-people-walking-on-stairs-in-glass-TG8AR9M-redux.jpg 960w, https:\/\/procomstaging.kinsta.cloud\/wp-content\/uploads\/2022\/02\/modern-business-people-walking-on-stairs-in-glass-TG8AR9M-redux-300x200.jpg 300w, https:\/\/procomstaging.kinsta.cloud\/wp-content\/uploads\/2022\/02\/modern-business-people-walking-on-stairs-in-glass-TG8AR9M-redux-768x512.jpg 768w\" sizes=\"100vw\" \/>\t\t\t\t\t\t\t\t\t\t\t\t\t\t\t<\/div>\n\t\t\t\t<\/div>\n\t\t\t\t\t<\/div>\n\t\t<\/div>\n\t\t\t\t\t<\/div>\n\t\t<\/section>\n\t\t\t\t<section data-exad-particle-enable=\"false\" class=\"elementor-section elementor-top-section elementor-element elementor-element-e3e374b elementor-section-boxed elementor-section-height-default elementor-section-height-default exad-parallax-effect-no exad-background-color-change-no exad-glass-effect-no exad-sticky-section-no\" data-id=\"e3e374b\" data-element_type=\"section\">\n\t\t\t\t\t\t<div class=\"elementor-container elementor-column-gap-default\">\n\t\t\t\t\t<div class=\"elementor-column elementor-col-50 elementor-top-column elementor-element elementor-element-697f56a exad-glass-effect-no exad-sticky-section-no\" data-id=\"697f56a\" data-element_type=\"column\">\n\t\t\t<div class=\"elementor-widget-wrap elementor-element-populated\">\n\t\t\t\t\t\t<div class=\"elementor-element elementor-element-6871822 elementor-hidden-mobile exad-sticky-section-no exad-glass-effect-no elementor-widget elementor-widget-image\" data-id=\"6871822\" data-element_type=\"widget\" data-widget_type=\"image.default\">\n\t\t\t\t<div class=\"elementor-widget-container\">\n\t\t\t\t\t\t\t\t\t\t\t\t\t\t\t<img decoding=\"async\" width=\"761\" height=\"441\" src=\"https:\/\/procomstaging.kinsta.cloud\/wp-content\/uploads\/2022\/02\/rec.png\" class=\"attachment-full size-full wp-image-219\" alt=\"\" srcset=\"https:\/\/procomstaging.kinsta.cloud\/wp-content\/uploads\/2022\/02\/rec.png 761w, https:\/\/procomstaging.kinsta.cloud\/wp-content\/uploads\/2022\/02\/rec-300x174.png 300w\" sizes=\"100vw\" \/>\t\t\t\t\t\t\t\t\t\t\t\t\t\t\t<\/div>\n\t\t\t\t<\/div>\n\t\t\t\t\t<\/div>\n\t\t<\/div>\n\t\t\t\t<div class=\"elementor-column elementor-col-50 elementor-top-column elementor-element elementor-element-4d1e2b8 exad-glass-effect-no exad-sticky-section-no\" data-id=\"4d1e2b8\" data-element_type=\"column\">\n\t\t\t<div class=\"elementor-widget-wrap elementor-element-populated\">\n\t\t\t\t\t\t<div class=\"elementor-element elementor-element-243a95d exad-sticky-section-no exad-glass-effect-no elementor-widget elementor-widget-spacer\" data-id=\"243a95d\" data-element_type=\"widget\" data-widget_type=\"spacer.default\">\n\t\t\t\t<div class=\"elementor-widget-container\">\n\t\t\t\t\t\t\t<div class=\"elementor-spacer\">\n\t\t\t<div class=\"elementor-spacer-inner\"><\/div>\n\t\t<\/div>\n\t\t\t\t\t\t<\/div>\n\t\t\t\t<\/div>\n\t\t\t\t<div class=\"elementor-element elementor-element-c01b5b5 exad-sticky-section-no exad-glass-effect-no elementor-widget elementor-widget-heading\" data-id=\"c01b5b5\" data-element_type=\"widget\" data-widget_type=\"heading.default\">\n\t\t\t\t<div class=\"elementor-widget-container\">\n\t\t\t\t\t<p class=\"elementor-heading-title elementor-size-small\">R\u00c9COMPENSES<\/p>\t\t\t\t<\/div>\n\t\t\t\t<\/div>\n\t\t\t\t<div class=\"elementor-element elementor-element-9c3158f exad-sticky-section-no exad-glass-effect-no elementor-widget elementor-widget-heading\" data-id=\"9c3158f\" data-element_type=\"widget\" data-widget_type=\"heading.default\">\n\t\t\t\t<div class=\"elementor-widget-container\">\n\t\t\t\t\t<h3 class=\"elementor-heading-title elementor-size-small\">Quelques-unes de nos r\u00e9alisations<\/h3>\t\t\t\t<\/div>\n\t\t\t\t<\/div>\n\t\t\t\t<div class=\"elementor-element elementor-element-49a0855 exad-sticky-section-no exad-glass-effect-no elementor-widget elementor-widget-text-editor\" data-id=\"49a0855\" data-element_type=\"widget\" data-widget_type=\"text-editor.default\">\n\t\t\t\t<div class=\"elementor-widget-container\">\n\t\t\t\t\t\t\t\t\t<p>Il peut para\u00eetre un peu pr\u00e9tentieux pour nous de pr\u00e9senter ces prix, mais nous cherchons toujours \u00e0 am\u00e9liorer notre fa\u00e7on de faire des affaires et, pour ce faire, nous collectons toutes les formes de r\u00e9troaction susceptibles de nous aider \u00e0 orienter nos actions.\u00a0<\/p>\t\t\t\t\t\t\t\t<\/div>\n\t\t\t\t<\/div>\n\t\t\t\t<div class=\"elementor-element elementor-element-a807dd8 exad-sticky-section-no exad-glass-effect-no elementor-widget elementor-widget-spacer\" data-id=\"a807dd8\" data-element_type=\"widget\" data-widget_type=\"spacer.default\">\n\t\t\t\t<div class=\"elementor-widget-container\">\n\t\t\t\t\t\t\t<div class=\"elementor-spacer\">\n\t\t\t<div class=\"elementor-spacer-inner\"><\/div>\n\t\t<\/div>\n\t\t\t\t\t\t<\/div>\n\t\t\t\t<\/div>\n\t\t\t\t\t<\/div>\n\t\t<\/div>\n\t\t\t\t\t<\/div>\n\t\t<\/section>\n\t\t\t\t<section data-exad-particle-enable=\"false\" class=\"elementor-section elementor-top-section elementor-element elementor-element-6547ccc elementor-hidden-mobile elementor-section-boxed elementor-section-height-default elementor-section-height-default exad-parallax-effect-no exad-background-color-change-no exad-glass-effect-no exad-sticky-section-no\" data-id=\"6547ccc\" data-element_type=\"section\" data-no-translation=\"\">\n\t\t\t\t\t\t<div class=\"elementor-container elementor-column-gap-default\">\n\t\t\t\t\t<div class=\"elementor-column elementor-col-25 elementor-top-column elementor-element elementor-element-e6ab221 exad-glass-effect-no exad-sticky-section-no\" data-id=\"e6ab221\" data-element_type=\"column\">\n\t\t\t<div class=\"elementor-widget-wrap elementor-element-populated\">\n\t\t\t\t\t\t<div class=\"elementor-element elementor-element-8748a3d exad-sticky-section-no exad-glass-effect-no elementor-widget elementor-widget-image\" data-id=\"8748a3d\" data-element_type=\"widget\" data-widget_type=\"image.default\">\n\t\t\t\t<div class=\"elementor-widget-container\">\n\t\t\t\t\t\t\t\t\t\t\t\t\t\t\t<img decoding=\"async\" width=\"525\" height=\"197\" src=\"https:\/\/procomstaging.kinsta.cloud\/wp-content\/uploads\/2024\/10\/best-of-staffing_2024_talent_diamond-talent-email-rgb-FR-768x288.jpg\" class=\"attachment-medium_large size-medium_large wp-image-44787\" alt=\"\" srcset=\"https:\/\/procomstaging.kinsta.cloud\/wp-content\/uploads\/2024\/10\/best-of-staffing_2024_talent_diamond-talent-email-rgb-FR-768x288.jpg 768w, https:\/\/procomstaging.kinsta.cloud\/wp-content\/uploads\/2024\/10\/best-of-staffing_2024_talent_diamond-talent-email-rgb-FR-300x113.jpg 300w, https:\/\/procomstaging.kinsta.cloud\/wp-content\/uploads\/2024\/10\/best-of-staffing_2024_talent_diamond-talent-email-rgb-FR-18x7.jpg 18w, https:\/\/procomstaging.kinsta.cloud\/wp-content\/uploads\/2024\/10\/best-of-staffing_2024_talent_diamond-talent-email-rgb-FR.jpg 800w\" sizes=\"100vw\" \/>\t\t\t\t\t\t\t\t\t\t\t\t\t\t\t<\/div>\n\t\t\t\t<\/div>\n\t\t\t\t\t<\/div>\n\t\t<\/div>\n\t\t\t\t<div class=\"elementor-column elementor-col-25 elementor-top-column elementor-element elementor-element-d8ebb2b exad-glass-effect-no exad-sticky-section-no\" data-id=\"d8ebb2b\" data-element_type=\"column\">\n\t\t\t<div class=\"elementor-widget-wrap elementor-element-populated\">\n\t\t\t\t\t\t<div class=\"elementor-element elementor-element-5087f4d exad-sticky-section-no exad-glass-effect-no elementor-widget elementor-widget-image\" data-id=\"5087f4d\" data-element_type=\"widget\" data-widget_type=\"image.default\">\n\t\t\t\t<div class=\"elementor-widget-container\">\n\t\t\t\t\t\t\t\t\t\t\t\t\t\t\t<img loading=\"lazy\" decoding=\"async\" width=\"525\" height=\"197\" src=\"https:\/\/procomstaging.kinsta.cloud\/wp-content\/uploads\/2024\/10\/best-of-staffing_2024_diamond-email-rgb-FR-768x288.jpg\" class=\"attachment-medium_large size-medium_large wp-image-44786\" alt=\"\" srcset=\"https:\/\/procomstaging.kinsta.cloud\/wp-content\/uploads\/2024\/10\/best-of-staffing_2024_diamond-email-rgb-FR-768x288.jpg 768w, https:\/\/procomstaging.kinsta.cloud\/wp-content\/uploads\/2024\/10\/best-of-staffing_2024_diamond-email-rgb-FR-300x113.jpg 300w, https:\/\/procomstaging.kinsta.cloud\/wp-content\/uploads\/2024\/10\/best-of-staffing_2024_diamond-email-rgb-FR-18x7.jpg 18w, https:\/\/procomstaging.kinsta.cloud\/wp-content\/uploads\/2024\/10\/best-of-staffing_2024_diamond-email-rgb-FR.jpg 800w\" sizes=\"100vw\" \/>\t\t\t\t\t\t\t\t\t\t\t\t\t\t\t<\/div>\n\t\t\t\t<\/div>\n\t\t\t\t\t<\/div>\n\t\t<\/div>\n\t\t\t\t<div class=\"elementor-column elementor-col-25 elementor-top-column elementor-element elementor-element-b04b087 exad-glass-effect-no exad-sticky-section-no\" data-id=\"b04b087\" data-element_type=\"column\">\n\t\t\t<div class=\"elementor-widget-wrap elementor-element-populated\">\n\t\t\t\t\t\t<div class=\"elementor-element elementor-element-4b06655 exad-sticky-section-no exad-glass-effect-no elementor-widget elementor-widget-image\" data-id=\"4b06655\" data-element_type=\"widget\" data-widget_type=\"image.default\">\n\t\t\t\t<div class=\"elementor-widget-container\">\n\t\t\t\t\t\t\t\t\t\t\t\t\t\t\t<img loading=\"lazy\" decoding=\"async\" width=\"300\" height=\"300\" src=\"https:\/\/procomstaging.kinsta.cloud\/wp-content\/uploads\/2024\/10\/best-of-staffing_talent_2024-email-rgb-FR.jpg\" class=\"attachment-medium size-medium wp-image-44788\" alt=\"\" srcset=\"https:\/\/procomstaging.kinsta.cloud\/wp-content\/uploads\/2024\/10\/best-of-staffing_talent_2024-email-rgb-FR.jpg 300w, https:\/\/procomstaging.kinsta.cloud\/wp-content\/uploads\/2024\/10\/best-of-staffing_talent_2024-email-rgb-FR-150x150.jpg 150w, https:\/\/procomstaging.kinsta.cloud\/wp-content\/uploads\/2024\/10\/best-of-staffing_talent_2024-email-rgb-FR-12x12.jpg 12w, https:\/\/procomstaging.kinsta.cloud\/wp-content\/uploads\/2024\/10\/best-of-staffing_talent_2024-email-rgb-FR-100x100.jpg 100w\" sizes=\"100vw\" \/>\t\t\t\t\t\t\t\t\t\t\t\t\t\t\t<\/div>\n\t\t\t\t<\/div>\n\t\t\t\t\t<\/div>\n\t\t<\/div>\n\t\t\t\t<div class=\"elementor-column elementor-col-25 elementor-top-column elementor-element elementor-element-51485b5 exad-glass-effect-no exad-sticky-section-no\" data-id=\"51485b5\" data-element_type=\"column\">\n\t\t\t<div class=\"elementor-widget-wrap elementor-element-populated\">\n\t\t\t\t\t\t<div class=\"elementor-element elementor-element-1631161 exad-sticky-section-no exad-glass-effect-no elementor-widget elementor-widget-image\" data-id=\"1631161\" data-element_type=\"widget\" data-widget_type=\"image.default\">\n\t\t\t\t<div class=\"elementor-widget-container\">\n\t\t\t\t\t\t\t\t\t\t\t\t\t\t\t<img loading=\"lazy\" decoding=\"async\" width=\"300\" height=\"300\" src=\"https:\/\/procomstaging.kinsta.cloud\/wp-content\/uploads\/2024\/10\/best-of-staffing_2024-email-rgb-FR.jpg\" class=\"attachment-medium size-medium wp-image-44789\" alt=\"\" srcset=\"https:\/\/procomstaging.kinsta.cloud\/wp-content\/uploads\/2024\/10\/best-of-staffing_2024-email-rgb-FR.jpg 300w, https:\/\/procomstaging.kinsta.cloud\/wp-content\/uploads\/2024\/10\/best-of-staffing_2024-email-rgb-FR-150x150.jpg 150w, https:\/\/procomstaging.kinsta.cloud\/wp-content\/uploads\/2024\/10\/best-of-staffing_2024-email-rgb-FR-12x12.jpg 12w, https:\/\/procomstaging.kinsta.cloud\/wp-content\/uploads\/2024\/10\/best-of-staffing_2024-email-rgb-FR-100x100.jpg 100w\" sizes=\"100vw\" \/>\t\t\t\t\t\t\t\t\t\t\t\t\t\t\t<\/div>\n\t\t\t\t<\/div>\n\t\t\t\t\t<\/div>\n\t\t<\/div>\n\t\t\t\t\t<\/div>\n\t\t<\/section>\n\t\t\t\t<section data-exad-particle-enable=\"false\" class=\"elementor-section elementor-top-section elementor-element elementor-element-de95748 elementor-section-boxed elementor-section-height-default elementor-section-height-default exad-parallax-effect-no exad-background-color-change-no exad-glass-effect-no exad-sticky-section-no\" data-id=\"de95748\" data-element_type=\"section\" data-settings=\"{&quot;background_background&quot;:&quot;classic&quot;}\">\n\t\t\t\t\t\t<div class=\"elementor-container elementor-column-gap-default\">\n\t\t\t\t\t<div class=\"elementor-column elementor-col-100 elementor-top-column elementor-element elementor-element-56b0940 exad-glass-effect-no exad-sticky-section-no\" data-id=\"56b0940\" data-element_type=\"column\">\n\t\t\t<div class=\"elementor-widget-wrap elementor-element-populated\">\n\t\t\t\t\t\t<div class=\"elementor-element elementor-element-34dbc97 exad-sticky-section-no exad-glass-effect-no elementor-widget elementor-widget-heading\" data-id=\"34dbc97\" data-element_type=\"widget\" data-widget_type=\"heading.default\">\n\t\t\t\t<div class=\"elementor-widget-container\">\n\t\t\t\t\t<h1 class=\"elementor-heading-title elementor-size-default\">Contactez un\u00b7e sp\u00e9cialiste de Procom.<br>Nous voulons travailler avec vous!<\/h1>\t\t\t\t<\/div>\n\t\t\t\t<\/div>\n\t\t\t\t<div class=\"elementor-element elementor-element-484d265 elementor-align-center exad-sticky-section-no exad-glass-effect-no elementor-widget elementor-widget-button\" data-id=\"484d265\" data-element_type=\"widget\" data-widget_type=\"button.default\">\n\t\t\t\t<div class=\"elementor-widget-container\">\n\t\t\t\t\t\t\t\t\t<div class=\"elementor-button-wrapper\">\n\t\t\t\t\t<a class=\"elementor-button elementor-button-link elementor-size-sm\" href=\"https:\/\/procomstaging.kinsta.cloud\/fr-ca\/locations\/\">\n\t\t\t\t\t\t<span class=\"elementor-button-content-wrapper\">\n\t\t\t\t\t\t\t\t\t<span class=\"elementor-button-text\">NOUS JOINDRE<\/span>\n\t\t\t\t\t<\/span>\n\t\t\t\t\t<\/a>\n\t\t\t\t<\/div>\n\t\t\t\t\t\t\t\t<\/div>\n\t\t\t\t<\/div>\n\t\t\t\t\t<\/div>\n\t\t<\/div>\n\t\t\t\t\t<\/div>\n\t\t<\/section>\n\t\t\t\t<\/div>","protected":false},"excerpt":{"rendered":"<p>Reconnaissance Lorsque vous travaillez aussi dur que nous pour essayer d'apporter de la valeur \u00e0 nos clients, c'est quelque chose de sp\u00e9cial que d'\u00eatre reconnu pour nos efforts.  Ce qui est important pour nous Ces valeurs sont les principes qui guident notre organisation, ainsi que les relations que nous entretenons avec nos coll\u00e8gues, nos clients et les ... <\/p>\n<p class=\"link-more\"><a href=\"https:\/\/procomstaging.kinsta.cloud\/fr-ca\/recognition\/\" class=\"more-link\">Continuer la lecture<span class=\"screen-reader-text\"> de \" Reconnaissance \"<\/span><\/a><\/p>","protected":false},"author":29,"featured_media":50429,"parent":0,"menu_order":0,"comment_status":"closed","ping_status":"open","template":"elementor_header_footer","meta":{"footnotes":""},"class_list":["post-216","page","type-page","status-publish","has-post-thumbnail","hentry"],"acf":[],"_links":{"self":[{"href":"https:\/\/procomstaging.kinsta.cloud\/fr-ca\/wp-json\/wp\/v2\/pages\/216","targetHints":{"allow":["GET"]}}],"collection":[{"href":"https:\/\/procomstaging.kinsta.cloud\/fr-ca\/wp-json\/wp\/v2\/pages"}],"about":[{"href":"https:\/\/procomstaging.kinsta.cloud\/fr-ca\/wp-json\/wp\/v2\/types\/page"}],"author":[{"embeddable":true,"href":"https:\/\/procomstaging.kinsta.cloud\/fr-ca\/wp-json\/wp\/v2\/users\/29"}],"replies":[{"embeddable":true,"href":"https:\/\/procomstaging.kinsta.cloud\/fr-ca\/wp-json\/wp\/v2\/comments?post=216"}],"version-history":[{"count":7,"href":"https:\/\/procomstaging.kinsta.cloud\/fr-ca\/wp-json\/wp\/v2\/pages\/216\/revisions"}],"predecessor-version":[{"id":44793,"href":"https:\/\/procomstaging.kinsta.cloud\/fr-ca\/wp-json\/wp\/v2\/pages\/216\/revisions\/44793"}],"wp:featuredmedia":[{"embeddable":true,"href":"https:\/\/procomstaging.kinsta.cloud\/fr-ca\/wp-json\/wp\/v2\/media\/50429"}],"wp:attachment":[{"href":"https:\/\/procomstaging.kinsta.cloud\/fr-ca\/wp-json\/wp\/v2\/media?parent=216"}],"curies":[{"name":"wp","href":"https:\/\/api.w.org\/{rel}","templated":true}]}}